{"id":2921,"date":"2023-12-07T04:34:54","date_gmt":"2023-12-07T04:34:54","guid":{"rendered":"https:\/\/wordpress.themeholy.com\/mediax\/?page_id=27"},"modified":"2024-07-11T17:14:12","modified_gmt":"2024-07-11T14:14:12","slug":"contact","status":"publish","type":"page","link":"https:\/\/drenverakbas.com\/en\/contact\/","title":{"rendered":"Contact"},"content":{"rendered":"\t\t<div data-elementor-type=\"wp-page\" data-elementor-id=\"2921\" class=\"elementor elementor-2921\">\n\t\t\t\t<div class=\"elementor-element elementor-element-ba742ec e-con-full e-flex e-con e-parent\" data-id=\"ba742ec\" data-element_type=\"container\">\n\t\t\t\t<div class=\"elementor-element elementor-element-1b3fc60 elementor-widget elementor-widget-google_maps\" data-id=\"1b3fc60\" data-element_type=\"widget\" data-widget_type=\"google_maps.default\">\n\t\t\t\t<div class=\"elementor-widget-container\">\n\t\t\t\t\t\t\t<div class=\"elementor-custom-embed\">\n\t\t\t<iframe loading=\"lazy\"\n\t\t\t\t\tsrc=\"https:\/\/maps.google.com\/maps?q=dr.%20enver%20akba%C5%9F&#038;t=m&#038;z=13&#038;output=embed&#038;iwloc=near\"\n\t\t\t\t\ttitle=\"dr. enver akba\u015f\"\n\t\t\t\t\taria-label=\"dr. enver akba\u015f\"\n\t\t\t><\/iframe>\n\t\t<\/div>\n\t\t\t\t\t\t<\/div>\n\t\t\t\t<\/div>\n\t\t\t\t<\/div>\n\t\t<div class=\"elementor-element elementor-element-d80898f e-flex e-con-boxed e-con e-parent\" data-id=\"d80898f\" data-element_type=\"container\">\n\t\t\t\t\t<div class=\"e-con-inner\">\n\t\t<div class=\"elementor-element elementor-element-6f40c1d e-con-full e-flex e-con e-child\" data-id=\"6f40c1d\" data-element_type=\"container\">\n\t\t<div class=\"elementor-element elementor-element-17aa365 e-con-full e-flex e-con e-child\" data-id=\"17aa365\" data-element_type=\"container\">\n\t\t\r\n\t\t<div class=\"elementor-element elementor-element-d759a15 elementor-widget elementor-widget-mediaxsectiontitle\" data-id=\"d759a15\" data-element_type=\"widget\" data-widget_type=\"mediaxsectiontitle.default\">\n\t\t\t\t<div class=\"elementor-widget-container\">\n\t\t\t\t\t\t\t\t<div class=\"title-area  \">\r\n\t\t\t\t<h3 class=\"sec-title \">CONTACT US<\/h3>\t\t\t<\/div>\r\n\t\t\t\t\t\t<\/div>\n\t\t\t\t<\/div>\n\t\t<div class=\"elementor-element elementor-element-b7fdcae e-con-full e-flex e-con e-child\" data-id=\"b7fdcae\" data-element_type=\"container\">\n\t\t\t\t<div class=\"elementor-element elementor-element-7ab0c63 elementor-widget elementor-widget-text-editor\" data-id=\"7ab0c63\" data-element_type=\"widget\" data-widget_type=\"text-editor.default\">\n\t\t\t\t<div class=\"elementor-widget-container\">\n\t\t\t\t\t\t\t\t\t<img decoding=\"async\" class=\"size-full wp-image-2973 alignleft\" src=\"https:\/\/drenverakbas.com\/wp-content\/uploads\/2024\/07\/google-maps-icon.png\" alt=\"\" width=\"50\" height=\"50\" \/>Adnan Kahveci Mah. Alemda\u011f Cd. Centro \u0130\u015f Mer. No:2\/1 A Blok K:3 No:21 Beylikd\u00fcz\u00fc\/\u0130ST.\t\t\t\t\t\t\t\t<\/div>\n\t\t\t\t<\/div>\n\t\t\t\t<div class=\"elementor-element elementor-element-f730ca7 elementor-widget elementor-widget-text-editor\" data-id=\"f730ca7\" data-element_type=\"widget\" data-widget_type=\"text-editor.default\">\n\t\t\t\t<div class=\"elementor-widget-container\">\n\t\t\t\t\t\t\t\t\t<img decoding=\"async\" class=\"alignnone size-full wp-image-2974\" src=\"https:\/\/drenverakbas.com\/wp-content\/uploads\/2024\/07\/whatsapp_icon.png\" alt=\"\" width=\"50\" height=\"50\" \/>  <b>+90 532 379 00 08<\/b>\t\t\t\t\t\t\t\t<\/div>\n\t\t\t\t<\/div>\n\t\t\t\t<div class=\"elementor-element elementor-element-251b815 elementor-widget elementor-widget-text-editor\" data-id=\"251b815\" data-element_type=\"widget\" data-widget_type=\"text-editor.default\">\n\t\t\t\t<div class=\"elementor-widget-container\">\n\t\t\t\t\t\t\t\t\t<img decoding=\"async\" class=\"alignnone size-medium wp-image-2975\" src=\"https:\/\/drenverakbas.com\/wp-content\/uploads\/2024\/07\/telephone-call-300x300.png\" alt=\"\" width=\"50\" height=\"50\" \/> <b>+90 212 695 05 05<\/b>\t\t\t\t\t\t\t\t<\/div>\n\t\t\t\t<\/div>\n\t\t\t\t<div class=\"elementor-element elementor-element-05bd77a elementor-widget elementor-widget-text-editor\" data-id=\"05bd77a\" data-element_type=\"widget\" data-widget_type=\"text-editor.default\">\n\t\t\t\t<div class=\"elementor-widget-container\">\n\t\t\t\t\t\t\t\t\t<img loading=\"lazy\" decoding=\"async\" class=\"alignnone size-medium wp-image-2976\" src=\"https:\/\/drenverakbas.com\/wp-content\/uploads\/2024\/07\/envelope-300x300.png\" alt=\"\" width=\"65\" height=\"60\" \/> <b>drenverakbas@gmail.com<\/b>\t\t\t\t\t\t\t\t<\/div>\n\t\t\t\t<\/div>\n\t\t\t\t<\/div>\n\t\t\t\t<div class=\"elementor-element elementor-element-b1acfd2 e-grid-align-left elementor-shape-rounded elementor-grid-0 elementor-widget elementor-widget-social-icons\" data-id=\"b1acfd2\" data-element_type=\"widget\" data-widget_type=\"social-icons.default\">\n\t\t\t\t<div class=\"elementor-widget-container\">\n\t\t\t\t\t\t\t<div class=\"elementor-social-icons-wrapper elementor-grid\" role=\"list\">\n\t\t\t\t\t\t\t<span class=\"elementor-grid-item\" role=\"listitem\">\n\t\t\t\t\t<a class=\"elementor-icon elementor-social-icon elementor-social-icon-instagram elementor-repeater-item-8800bbc\" href=\"https:\/\/www.instagram.com\/dr.enverakbas\/\" target=\"_blank\" rel=\"nofollow\">\n\t\t\t\t\t\t<span class=\"elementor-screen-only\">Instagram<\/span>\n\t\t\t\t\t\t<svg aria-hidden=\"true\" class=\"e-font-icon-svg e-fab-instagram\" viewBox=\"0 0 448 512\" xmlns=\"http:\/\/www.w3.org\/2000\/svg\"><path d=\"M224.1 141c-63.6 0-114.9 51.3-114.9 114.9s51.3 114.9 114.9 114.9S339 319.5 339 255.9 287.7 141 224.1 141zm0 189.6c-41.1 0-74.7-33.5-74.7-74.7s33.5-74.7 74.7-74.7 74.7 33.5 74.7 74.7-33.6 74.7-74.7 74.7zm146.4-194.3c0 14.9-12 26.8-26.8 26.8-14.9 0-26.8-12-26.8-26.8s12-26.8 26.8-26.8 26.8 12 26.8 26.8zm76.1 27.2c-1.7-35.9-9.9-67.7-36.2-93.9-26.2-26.2-58-34.4-93.9-36.2-37-2.1-147.9-2.1-184.9 0-35.8 1.7-67.6 9.9-93.9 36.1s-34.4 58-36.2 93.9c-2.1 37-2.1 147.9 0 184.9 1.7 35.9 9.9 67.7 36.2 93.9s58 34.4 93.9 36.2c37 2.1 147.9 2.1 184.9 0 35.9-1.7 67.7-9.9 93.9-36.2 26.2-26.2 34.4-58 36.2-93.9 2.1-37 2.1-147.8 0-184.8zM398.8 388c-7.8 19.6-22.9 34.7-42.6 42.6-29.5 11.7-99.5 9-132.1 9s-102.7 2.6-132.1-9c-19.6-7.8-34.7-22.9-42.6-42.6-11.7-29.5-9-99.5-9-132.1s-2.6-102.7 9-132.1c7.8-19.6 22.9-34.7 42.6-42.6 29.5-11.7 99.5-9 132.1-9s102.7-2.6 132.1 9c19.6 7.8 34.7 22.9 42.6 42.6 11.7 29.5 9 99.5 9 132.1s2.7 102.7-9 132.1z\"><\/path><\/svg>\t\t\t\t\t<\/a>\n\t\t\t\t<\/span>\n\t\t\t\t\t\t\t<span class=\"elementor-grid-item\" role=\"listitem\">\n\t\t\t\t\t<a class=\"elementor-icon elementor-social-icon elementor-social-icon-facebook elementor-repeater-item-7b04398\" href=\"https:\/\/www.facebook.com\/drenverakbas\" target=\"_blank\" rel=\"nofollow\">\n\t\t\t\t\t\t<span class=\"elementor-screen-only\">Facebook<\/span>\n\t\t\t\t\t\t<svg aria-hidden=\"true\" class=\"e-font-icon-svg e-fab-facebook\" viewBox=\"0 0 512 512\" xmlns=\"http:\/\/www.w3.org\/2000\/svg\"><path d=\"M504 256C504 119 393 8 256 8S8 119 8 256c0 123.78 90.69 226.38 209.25 245V327.69h-63V256h63v-54.64c0-62.15 37-96.48 93.67-96.48 27.14 0 55.52 4.84 55.52 4.84v61h-31.28c-30.8 0-40.41 19.12-40.41 38.73V256h68.78l-11 71.69h-57.78V501C413.31 482.38 504 379.78 504 256z\"><\/path><\/svg>\t\t\t\t\t<\/a>\n\t\t\t\t<\/span>\n\t\t\t\t\t\t\t<span class=\"elementor-grid-item\" role=\"listitem\">\n\t\t\t\t\t<a class=\"elementor-icon elementor-social-icon elementor-social-icon-youtube elementor-repeater-item-e41ada2\" href=\"https:\/\/www.youtube.com\/channel\/UCD13pPFEMNHU-jpT5GFRcIw\" target=\"_blank\" rel=\"nofollow\">\n\t\t\t\t\t\t<span class=\"elementor-screen-only\">Youtube<\/span>\n\t\t\t\t\t\t<svg aria-hidden=\"true\" class=\"e-font-icon-svg e-fab-youtube\" viewBox=\"0 0 576 512\" xmlns=\"http:\/\/www.w3.org\/2000\/svg\"><path d=\"M549.655 124.083c-6.281-23.65-24.787-42.276-48.284-48.597C458.781 64 288 64 288 64S117.22 64 74.629 75.486c-23.497 6.322-42.003 24.947-48.284 48.597-11.412 42.867-11.412 132.305-11.412 132.305s0 89.438 11.412 132.305c6.281 23.65 24.787 41.5 48.284 47.821C117.22 448 288 448 288 448s170.78 0 213.371-11.486c23.497-6.321 42.003-24.171 48.284-47.821 11.412-42.867 11.412-132.305 11.412-132.305s0-89.438-11.412-132.305zm-317.51 213.508V175.185l142.739 81.205-142.739 81.201z\"><\/path><\/svg>\t\t\t\t\t<\/a>\n\t\t\t\t<\/span>\n\t\t\t\t\t<\/div>\n\t\t\t\t\t\t<\/div>\n\t\t\t\t<\/div>\n\t\t\t\t<\/div>\n\t\t<div class=\"elementor-element elementor-element-0981eb7 e-con-full e-flex e-con e-child\" data-id=\"0981eb7\" data-element_type=\"container\">\n\t\t\t\t<div class=\"elementor-element elementor-element-2779947 elementor-widget elementor-widget-mediaxcontactform\" data-id=\"2779947\" data-element_type=\"widget\" data-widget_type=\"mediaxcontactform.default\">\n\t\t\t\t<div class=\"elementor-widget-container\">\n\t\t\t\t\t<div class=\"contact-form ajax-contact bg\" data-bg-src=\"https:\/\/wordpress.themeholy.com\/mediax\/wp-content\/uploads\/2023\/12\/contact_form_bg.png\"><div class=\"input-wrap\">\n<div class=\"wpcf7 no-js\" id=\"wpcf7-f1877-o1\" lang=\"en-US\" dir=\"ltr\" data-wpcf7-id=\"1877\">\n<div class=\"screen-reader-response\"><p role=\"status\" aria-live=\"polite\" aria-atomic=\"true\"><\/p> <ul><\/ul><\/div>\n<form action=\"\/en\/wp-json\/wp\/v2\/pages\/2921#wpcf7-f1877-o1\" method=\"post\" class=\"wpcf7-form init\" aria-label=\"Contact form\" novalidate=\"novalidate\" data-status=\"init\">\n<fieldset class=\"hidden-fields-container\"><input type=\"hidden\" name=\"_wpcf7\" value=\"1877\" \/><input type=\"hidden\" name=\"_wpcf7_version\" value=\"6.1.4\" \/><input type=\"hidden\" name=\"_wpcf7_locale\" value=\"en_US\" \/><input type=\"hidden\" name=\"_wpcf7_unit_tag\" value=\"wpcf7-f1877-o1\" \/><input type=\"hidden\" name=\"_wpcf7_container_post\" value=\"0\" \/><input type=\"hidden\" name=\"_wpcf7_posted_data_hash\" value=\"\" \/>\n<\/fieldset>\n<div class=\"row\">\n    <div class=\"form-group col-12\">\n<span class=\"wpcf7-form-control-wrap\" data-name=\"text-657\"><input size=\"40\" maxlength=\"400\" class=\"wpcf7-form-control wpcf7-text wpcf7-validates-as-required form-control\" aria-required=\"true\" aria-invalid=\"false\" placeholder=\"Your Name\" value=\"\" type=\"text\" name=\"text-657\" \/><\/span>\n        <i class=\"fal fa-user\"><\/i>\n    <\/div>\n    <div class=\"form-group col-12\">\n<span class=\"wpcf7-form-control-wrap\" data-name=\"email-840\"><input size=\"40\" maxlength=\"400\" class=\"wpcf7-form-control wpcf7-email wpcf7-validates-as-required wpcf7-text wpcf7-validates-as-email form-control\" aria-required=\"true\" aria-invalid=\"false\" placeholder=\"Email Address\" value=\"\" type=\"email\" name=\"email-840\" \/><\/span>\n        <i class=\"fal fa-envelope\"><\/i>\n    <\/div>\n    <div class=\"form-group col-12\">\n<span class=\"wpcf7-form-control-wrap\" data-name=\"number-159\"><input class=\"wpcf7-form-control wpcf7-number wpcf7-validates-as-required wpcf7-validates-as-number form-control\" aria-required=\"true\" aria-invalid=\"false\" placeholder=\"Phone number\" value=\"\" type=\"number\" name=\"number-159\" \/><\/span>\n        <i class=\"fal fa-phone\"><\/i>\n    <\/div>\n    <div class=\"form-group col-12\">\n<span class=\"wpcf7-form-control-wrap\" data-name=\"menu-721\"><select class=\"wpcf7-form-control wpcf7-select wpcf7-validates-as-required form-select nice-select\" id=\"subject\" aria-required=\"true\" aria-invalid=\"false\" name=\"menu-721\"><option value=\"Choose Subject\">Choose Subject<\/option><option value=\"Make Appointment\">Make Appointment<\/option><option value=\"General Inquiry\">General Inquiry<\/option><option value=\"Medicine Help\">Medicine Help<\/option><option value=\"Consultation\">Consultation<\/option><\/select><\/span>\n        <i class=\"fal fa-chevron-down\"><\/i>\n    <\/div>\n    <div class=\"form-group col-12\">\n<span class=\"wpcf7-form-control-wrap\" data-name=\"textarea-839\"><textarea cols=\"40\" rows=\"10\" maxlength=\"2000\" class=\"wpcf7-form-control wpcf7-textarea wpcf7-validates-as-required form-control\" id=\"message\" aria-required=\"true\" aria-invalid=\"false\" placeholder=\"Type Appointment Note...\" name=\"textarea-839\"><\/textarea><\/span>\n        <i class=\"fal fa-pencil\"><\/i>\n    <\/div>\n    <div class=\"form-btn col-12\">\n        <button class=\"th-btn btn-fw wpcf7\">BOOK AN APPOINTMENT<\/button>\n    <\/div>\n<\/div>\n<p class=\"form-messages mb-0 mt-3\"><\/p><p style=\"display: none !important;\" class=\"akismet-fields-container\" data-prefix=\"_wpcf7_ak_\"><label>&#916;<textarea name=\"_wpcf7_ak_hp_textarea\" cols=\"45\" rows=\"8\" maxlength=\"100\"><\/textarea><\/label><input type=\"hidden\" id=\"ak_js_1\" name=\"_wpcf7_ak_js\" value=\"38\"\/><script>document.getElementById( \"ak_js_1\" ).setAttribute( \"value\", ( new Date() ).getTime() );<\/script><\/p><div class=\"wpcf7-response-output\" aria-hidden=\"true\"><\/div>\n<\/form>\n<\/div>\n<\/div><\/div>\t\t\t\t<\/div>\n\t\t\t\t<\/div>\n\t\t\t\t<\/div>\n\t\t\t\t<\/div>\n\t\t\t\t\t<\/div>\n\t\t\t\t<\/div>\n\t\t\t\t<\/div>\n\t\t","protected":false},"excerpt":{"rendered":"<p>CONTACT US Adnan Kahveci Mah. Alemda\u011f Cd. Centro \u0130\u015f Mer. No:2\/1 A Blok K:3 No:21 Beylikd\u00fcz\u00fc\/\u0130ST. +90 532 379 00 08 +90 212 695 05 05 drenverakbas@gmail.com Instagram Facebook Youtube Choose SubjectMake AppointmentGeneral InquiryMedicine HelpConsultation BOOK AN APPOINTMENT &#916;<\/p>\n","protected":false},"author":1,"featured_media":0,"parent":0,"menu_order":0,"comment_status":"closed","ping_status":"closed","template":"template-builder.php","meta":{"om_disable_all_campaigns":false,"_monsterinsights_skip_tracking":false,"_monsterinsights_sitenote_active":false,"_monsterinsights_sitenote_note":"","_monsterinsights_sitenote_category":0,"footnotes":""},"class_list":["post-2921","page","type-page","status-publish","hentry"],"aioseo_notices":[],"_links":{"self":[{"href":"https:\/\/drenverakbas.com\/en\/wp-json\/wp\/v2\/pages\/2921","targetHints":{"allow":["GET"]}}],"collection":[{"href":"https:\/\/drenverakbas.com\/en\/wp-json\/wp\/v2\/pages"}],"about":[{"href":"https:\/\/drenverakbas.com\/en\/wp-json\/wp\/v2\/types\/page"}],"author":[{"embeddable":true,"href":"https:\/\/drenverakbas.com\/en\/wp-json\/wp\/v2\/users\/1"}],"replies":[{"embeddable":true,"href":"https:\/\/drenverakbas.com\/en\/wp-json\/wp\/v2\/comments?post=2921"}],"version-history":[{"count":3,"href":"https:\/\/drenverakbas.com\/en\/wp-json\/wp\/v2\/pages\/2921\/revisions"}],"predecessor-version":[{"id":2989,"href":"https:\/\/drenverakbas.com\/en\/wp-json\/wp\/v2\/pages\/2921\/revisions\/2989"}],"wp:attachment":[{"href":"https:\/\/drenverakbas.com\/en\/wp-json\/wp\/v2\/media?parent=2921"}],"curies":[{"name":"wp","href":"https:\/\/api.w.org\/{rel}","templated":true}]}}